{"id":7,"date":"2025-08-21T20:55:53","date_gmt":"2025-08-21T18:55:53","guid":{"rendered":"https:\/\/sisdef.unitru.edu.pe\/?page_id=7"},"modified":"2026-04-08T15:01:02","modified_gmt":"2026-04-08T13:01:02","slug":"inicio","status":"publish","type":"page","link":"https:\/\/sisdef.unitru.edu.pe\/","title":{"rendered":"Inicio"},"content":{"rendered":"\n<div class=\"wp-block-cover alignfull wp-duotone-unset-1\" style=\"padding-top:0;padding-bottom:0;min-height:720px;aspect-ratio:unset;\"><span aria-hidden=\"true\" class=\"wp-block-cover__background has-background-dim-100 has-background-dim has-background-gradient has-midnight-gradient-background\"><\/span><div class=\"wp-block-cover__inner-container is-layout-flow wp-block-cover-is-layout-flow\">\n<div class=\"inherit-container-width wp-block-group alignwide is-layout-constrained wp-block-group-is-layout-constrained\">\n<div class=\"wp-block-media-text alignwide has-media-on-the-right is-stacked-on-mobile is-vertically-aligned-center\" style=\"grid-template-columns:auto 45%\"><div class=\"wp-block-media-text__content\">\n<h1 class=\"wp-block-heading has-text-align-left has-white-color has-text-color\">Defensor\u00eda Universitaria<\/h1>\n\n\n\n<p class=\"has-white-color has-text-color\">Un espacio de confianza para proteger tus derechos y promover tus deberes dentro de la comunidad universitaria.<\/p>\n\n\n\n<div class=\"wp-block-buttons is-layout-flex wp-block-buttons-is-layout-flex\">\n<div class=\"wp-block-button is-style-fill\"><a class=\"wp-block-button__link wp-element-button\" href=\"https:\/\/sisdef.unitru.edu.pe\/wp-content\/uploads\/2025\/08\/RCU-N-349-2025-UNT.pdf\" target=\"_blank\" rel=\"noreferrer noopener nofollow\">Con\u00f3cenos<\/a><\/div>\n<\/div>\n<\/div><figure class=\"wp-block-media-text__media\"><img decoding=\"async\" src=\"https:\/\/sisdef.unitru.edu.pe\/wp-content\/themes\/astra\/inc\/assets\/images\/starter-content\/hero-img.svg\" alt=\"\" class=\"wp-image-118 size-full\"\/><\/figure><\/div>\n<\/div>\n<\/div><\/div>\n\n\n\n<div class=\"wp-block-group alignfull has-ast-global-color-5-background-color has-background is-layout-constrained wp-container-core-group-is-layout-9cedb757 wp-block-group-is-layout-constrained\" style=\"padding-bottom:0px\">\n<div class=\"wp-block-columns are-vertically-aligned-top is-layout-flex wp-container-core-columns-is-layout-00723822 wp-block-columns-is-layout-flex\">\n<div class=\"wp-block-column is-vertically-aligned-top is-layout-flow wp-container-core-column-is-layout-6b73ce23 wp-block-column-is-layout-flow\">\n<figure class=\"wp-block-image size-full is-resized is-style-rounded\"><img fetchpriority=\"high\" decoding=\"async\" width=\"600\" height=\"557\" src=\"https:\/\/sisdef.unitru.edu.pe\/wp-content\/uploads\/2025\/08\/1.webp\" alt=\"\" class=\"wp-image-57\" style=\"width:198px;height:auto\" srcset=\"https:\/\/sisdef.unitru.edu.pe\/wp-content\/uploads\/2025\/08\/1.webp 600w, https:\/\/sisdef.unitru.edu.pe\/wp-content\/uploads\/2025\/08\/1-300x279.webp 300w\" sizes=\"(max-width: 600px) 100vw, 600px\" \/><\/figure>\n\n\n\n<h3 class=\"wp-block-heading has-text-align-left\" style=\"margin-top:16px\">Atenci\u00f3n de Consultas<\/h3>\n\n\n\n<p class=\"has-text-align-left\">Orientaci\u00f3n personalizada a estudiantes y docentes sobre sus derechos y deberes.<\/p>\n<\/div>\n\n\n\n<div class=\"wp-block-column is-vertically-aligned-top is-layout-flow wp-container-core-column-is-layout-6b73ce23 wp-block-column-is-layout-flow\">\n<figure class=\"wp-block-image size-full is-style-rounded\"><img decoding=\"async\" width=\"626\" height=\"402\" src=\"https:\/\/sisdef.unitru.edu.pe\/wp-content\/uploads\/2025\/08\/2.avif\" alt=\"\" class=\"wp-image-58\" srcset=\"https:\/\/sisdef.unitru.edu.pe\/wp-content\/uploads\/2025\/08\/2.avif 626w, https:\/\/sisdef.unitru.edu.pe\/wp-content\/uploads\/2025\/08\/2-300x193.avif 300w\" sizes=\"(max-width: 626px) 100vw, 626px\" \/><\/figure>\n\n\n\n<h3 class=\"wp-block-heading has-text-align-left\" style=\"margin-top:16px\">Recepci\u00f3n de Denuncias<\/h3>\n\n\n\n<p class=\"has-text-align-left\">Canal seguro y confidencial para reportar hostigamiento, discriminaci\u00f3n u otras vulneraciones.<\/p>\n<\/div>\n\n\n\n<div class=\"wp-block-column is-vertically-aligned-top is-layout-flow wp-container-core-column-is-layout-6b73ce23 wp-block-column-is-layout-flow\">\n<figure class=\"wp-block-image size-full is-style-rounded\"><img decoding=\"async\" width=\"740\" height=\"493\" src=\"https:\/\/sisdef.unitru.edu.pe\/wp-content\/uploads\/2025\/08\/3.avif\" alt=\"\" class=\"wp-image-59\" srcset=\"https:\/\/sisdef.unitru.edu.pe\/wp-content\/uploads\/2025\/08\/3.avif 740w, https:\/\/sisdef.unitru.edu.pe\/wp-content\/uploads\/2025\/08\/3-300x200.avif 300w\" sizes=\"(max-width: 740px) 100vw, 740px\" \/><\/figure>\n\n\n\n<h3 class=\"wp-block-heading has-text-align-left\" style=\"margin-top:16px\"><strong>Mediaci\u00f3n y Resoluci\u00f3n de Conflictos<\/strong><\/h3>\n\n\n\n<p class=\"has-text-align-left\">Acompa\u00f1amos en la b\u00fasqueda de soluciones justas y constructivas para la vida universitaria.<br><\/p>\n<\/div>\n\n\n\n<div class=\"wp-block-column is-vertically-aligned-top is-layout-flow wp-container-core-column-is-layout-6b73ce23 wp-block-column-is-layout-flow\">\n<figure class=\"wp-block-image size-large is-style-rounded\"><img loading=\"lazy\" decoding=\"async\" width=\"1024\" height=\"681\" src=\"https:\/\/sisdef.unitru.edu.pe\/wp-content\/uploads\/2025\/08\/4-1024x681.jpg\" alt=\"\" class=\"wp-image-60\" srcset=\"https:\/\/sisdef.unitru.edu.pe\/wp-content\/uploads\/2025\/08\/4-1024x681.jpg 1024w, https:\/\/sisdef.unitru.edu.pe\/wp-content\/uploads\/2025\/08\/4-300x199.jpg 300w, https:\/\/sisdef.unitru.edu.pe\/wp-content\/uploads\/2025\/08\/4-768x510.jpg 768w, https:\/\/sisdef.unitru.edu.pe\/wp-content\/uploads\/2025\/08\/4.jpg 1300w\" sizes=\"(max-width: 1024px) 100vw, 1024px\" \/><\/figure>\n\n\n\n<h3 class=\"wp-block-heading has-text-align-left\" style=\"margin-top:16px\"><strong>Capacitaciones y Difusi\u00f3n<\/strong><\/h3>\n\n\n\n<p class=\"has-text-align-left\">Programas de formaci\u00f3n, charlas y campa\u00f1as para fortalecer la convivencia y el respeto.<\/p>\n<\/div>\n<\/div>\n<\/div>\n\n\n\n<div class=\"wp-block-group alignfull is-nowrap is-layout-flex wp-container-core-group-is-layout-040330ab wp-block-group-is-layout-flex\" id=\"services\" style=\"padding-top:144px;padding-bottom:0px\">\n<h2 class=\"wp-block-heading\">Nuestros Servicios<\/h2>\n\n\n\n<div class=\"wp-block-columns is-layout-flex wp-container-core-columns-is-layout-60cbf9bb wp-block-columns-is-layout-flex\" style=\"margin-top:50px\">\n<div class=\"wp-block-column is-layout-flow wp-container-core-column-is-layout-6b73ce23 wp-block-column-is-layout-flow\">\n<figure class=\"wp-block-image size-full is-style-rounded\"><img loading=\"lazy\" decoding=\"async\" width=\"1595\" height=\"862\" src=\"https:\/\/sisdef.unitru.edu.pe\/wp-content\/uploads\/2025\/08\/1.png\" alt=\"\" class=\"wp-image-68\" srcset=\"https:\/\/sisdef.unitru.edu.pe\/wp-content\/uploads\/2025\/08\/1.png 1595w, https:\/\/sisdef.unitru.edu.pe\/wp-content\/uploads\/2025\/08\/1-300x162.png 300w, https:\/\/sisdef.unitru.edu.pe\/wp-content\/uploads\/2025\/08\/1-1024x553.png 1024w, https:\/\/sisdef.unitru.edu.pe\/wp-content\/uploads\/2025\/08\/1-768x415.png 768w, https:\/\/sisdef.unitru.edu.pe\/wp-content\/uploads\/2025\/08\/1-1536x830.png 1536w\" sizes=\"(max-width: 1595px) 100vw, 1595px\" \/><\/figure>\n\n\n\n<h3 class=\"wp-block-heading has-text-align-center\" style=\"margin-top:16px\"><strong>Orientaci\u00f3n Acad\u00e9mica y Administrativa<\/strong><\/h3>\n\n\n\n<p class=\"has-text-align-left\">Brindamos apoyo frente a problemas en tr\u00e1mites acad\u00e9micos o administrativos.<\/p>\n<\/div>\n\n\n\n<div class=\"wp-block-column is-layout-flow wp-container-core-column-is-layout-6b73ce23 wp-block-column-is-layout-flow\">\n<figure class=\"wp-block-image aligncenter size-full is-resized is-style-rounded\"><img loading=\"lazy\" decoding=\"async\" width=\"626\" height=\"417\" src=\"https:\/\/sisdef.unitru.edu.pe\/wp-content\/uploads\/2025\/08\/2-1.avif\" alt=\"\" class=\"wp-image-69\" style=\"width:374px;height:auto\" srcset=\"https:\/\/sisdef.unitru.edu.pe\/wp-content\/uploads\/2025\/08\/2-1.avif 626w, https:\/\/sisdef.unitru.edu.pe\/wp-content\/uploads\/2025\/08\/2-1-300x200.avif 300w\" sizes=\"(max-width: 626px) 100vw, 626px\" \/><\/figure>\n\n\n\n<h3 class=\"wp-block-heading has-text-align-center\" style=\"margin-top:16px\"><strong>Defensa ante Hostigamiento o Discriminaci\u00f3n<\/strong><\/h3>\n\n\n\n<p class=\"has-text-align-left\">Protecci\u00f3n integral para quienes sufren situaciones que vulneran su dignidad.<\/p>\n<\/div>\n\n\n\n<div class=\"wp-block-column is-layout-flow wp-container-core-column-is-layout-6b73ce23 wp-block-column-is-layout-flow\">\n<figure class=\"wp-block-image aligncenter is-style-rounded\"><img loading=\"lazy\" decoding=\"async\" width=\"800\" height=\"800\" src=\"https:\/\/sisdef.unitru.edu.pe\/wp-content\/uploads\/2025\/08\/3.webp\" alt=\"\" class=\"wp-image-70\" srcset=\"https:\/\/sisdef.unitru.edu.pe\/wp-content\/uploads\/2025\/08\/3.webp 800w, https:\/\/sisdef.unitru.edu.pe\/wp-content\/uploads\/2025\/08\/3-300x300.webp 300w, https:\/\/sisdef.unitru.edu.pe\/wp-content\/uploads\/2025\/08\/3-150x150.webp 150w, https:\/\/sisdef.unitru.edu.pe\/wp-content\/uploads\/2025\/08\/3-768x768.webp 768w\" sizes=\"(max-width: 800px) 100vw, 800px\" \/><\/figure>\n\n\n\n<h3 class=\"wp-block-heading has-text-align-center\" style=\"margin-top:16px\">Promoci\u00f3n de Derechos Universitarios<\/h3>\n\n\n\n<p class=\"has-text-align-left\">Actividades de difusi\u00f3n, talleres y materiales informativos para toda la comunidad.<\/p>\n<\/div>\n<\/div>\n<\/div>\n\n\n\n<div class=\"wp-block-group alignfull has-ast-global-color-5-background-color has-background is-layout-constrained wp-container-core-group-is-layout-94d206d0 wp-block-group-is-layout-constrained\" id=\"about\" style=\"padding-top:143px;padding-bottom:144px\">\n<div class=\"wp-block-media-text has-media-on-the-right is-stacked-on-mobile is-vertically-aligned-center\"><div class=\"wp-block-media-text__content\">\n<div class=\"inherit-container-width wp-block-group is-layout-constrained wp-container-core-group-is-layout-47ce07ec wp-block-group-is-layout-constrained\" style=\"padding-right:80px\">\n<h2 class=\"wp-block-heading has-text-align-center\" style=\"padding-right:40px\"><strong>Trabajamos por una universidad Justa y Segura<\/strong><\/h2>\n\n\n\n<p>Nuestra misi\u00f3n es garantizar el respeto de los derechos de los estudiantes y de toda la comunidad universitaria. Actuamos con independencia, imparcialidad y confidencialidad, para promover una cultura de respeto, equidad y justicia en cada espacio de la universidad.<\/p>\n<\/div>\n<\/div><figure class=\"wp-block-media-text__media\"><img decoding=\"async\" src=\"https:\/\/sisdef.unitru.edu.pe\/wp-content\/themes\/astra\/inc\/assets\/images\/starter-content\/about-us.jpg\" alt=\"\" class=\"wp-image-237 size-full\"\/><\/figure><\/div>\n<\/div>\n\n\n\n<div class=\"wp-block-group alignfull has-ast-global-color-4-background-color has-background is-layout-constrained wp-container-core-group-is-layout-6a2cfb7b wp-block-group-is-layout-constrained\" id=\"reviews\">\n<p class=\"has-text-align-center\" style=\"font-size:22px;line-height:1.6\">\u00abLa Defensor\u00eda Universitaria es un espacio de confianza, donde cada voz cuenta y cada derecho se respeta.\u00bb<\/p>\n\n\n\n<p class=\"has-text-align-center\"><strong>Defensor Universitario<\/strong><\/p>\n<\/div>\n\n\n\n<p><\/p>\n","protected":false},"excerpt":{"rendered":"<p>Atenci\u00f3n de Consultas Orientaci\u00f3n personalizada a estudiantes y docentes sobre sus derechos y deberes. Recepci\u00f3n de Denuncias Canal seguro y [&hellip;]<\/p>\n","protected":false},"author":1,"featured_media":0,"parent":0,"menu_order":0,"comment_status":"closed","ping_status":"closed","template":"","meta":{"site-sidebar-layout":"no-sidebar","site-content-layout":"plain-container","ast-site-content-layout":"default","site-content-style":"default","site-sidebar-style":"default","ast-global-header-display":"","ast-banner-title-visibility":"","ast-main-header-display":"","ast-hfb-above-header-display":"","ast-hfb-below-header-display":"","ast-hfb-mobile-header-display":"","site-post-title":"disabled","ast-breadcrumbs-content":"","ast-featured-img":"","footer-sml-layout":"","ast-disable-related-posts":"","theme-transparent-header-meta":"enabled","adv-header-id-meta":"","stick-header-meta":"","header-above-stick-meta":"","header-main-stick-meta":"","header-below-stick-meta":"","astra-migrate-meta-layouts":"default","ast-page-background-enabled":"default","ast-page-background-meta":{"desktop":{"background-color":"var(--ast-global-color-5)","background-image":"","background-repeat":"repeat","background-position":"center center","background-size":"auto","background-attachment":"scroll","background-type":"","background-media":"","overlay-type":"","overlay-color":"","overlay-opacity":"","overlay-gradient":""},"tablet":{"background-color":"","background-image":"","background-repeat":"repeat","background-position":"center center","background-size":"auto","background-attachment":"scroll","background-type":"","background-media":"","overlay-type":"","overlay-color":"","overlay-opacity":"","overlay-gradient":""},"mobile":{"background-color":"","background-image":"","background-repeat":"repeat","background-position":"center center","background-size":"auto","background-attachment":"scroll","background-type":"","background-media":"","overlay-type":"","overlay-color":"","overlay-opacity":"","overlay-gradient":""}},"ast-content-background-meta":{"desktop":{"background-color":"var(--ast-global-color-4)","background-image":"","background-repeat":"repeat","background-position":"center center","background-size":"auto","background-attachment":"scroll","background-type":"","background-media":"","overlay-type":"","overlay-color":"","overlay-opacity":"","overlay-gradient":""},"tablet":{"background-color":"var(--ast-global-color-4)","background-image":"","background-repeat":"repeat","background-position":"center center","background-size":"auto","background-attachment":"scroll","background-type":"","background-media":"","overlay-type":"","overlay-color":"","overlay-opacity":"","overlay-gradient":""},"mobile":{"background-color":"var(--ast-global-color-4)","background-image":"","background-repeat":"repeat","background-position":"center center","background-size":"auto","background-attachment":"scroll","background-type":"","background-media":"","overlay-type":"","overlay-color":"","overlay-opacity":"","overlay-gradient":""}},"footnotes":""},"class_list":["post-7","page","type-page","status-publish","hentry"],"_links":{"self":[{"href":"https:\/\/sisdef.unitru.edu.pe\/index.php\/wp-json\/wp\/v2\/pages\/7","targetHints":{"allow":["GET"]}}],"collection":[{"href":"https:\/\/sisdef.unitru.edu.pe\/index.php\/wp-json\/wp\/v2\/pages"}],"about":[{"href":"https:\/\/sisdef.unitru.edu.pe\/index.php\/wp-json\/wp\/v2\/types\/page"}],"author":[{"embeddable":true,"href":"https:\/\/sisdef.unitru.edu.pe\/index.php\/wp-json\/wp\/v2\/users\/1"}],"replies":[{"embeddable":true,"href":"https:\/\/sisdef.unitru.edu.pe\/index.php\/wp-json\/wp\/v2\/comments?post=7"}],"version-history":[{"count":36,"href":"https:\/\/sisdef.unitru.edu.pe\/index.php\/wp-json\/wp\/v2\/pages\/7\/revisions"}],"predecessor-version":[{"id":82,"href":"https:\/\/sisdef.unitru.edu.pe\/index.php\/wp-json\/wp\/v2\/pages\/7\/revisions\/82"}],"wp:attachment":[{"href":"https:\/\/sisdef.unitru.edu.pe\/index.php\/wp-json\/wp\/v2\/media?parent=7"}],"curies":[{"name":"wp","href":"https:\/\/api.w.org\/{rel}","templated":true}]}}